{"id":82,"date":"2020-07-19T16:40:26","date_gmt":"2020-07-19T19:40:26","guid":{"rendered":"http:\/\/iba-br.com\/wordpress\/?page_id=82"},"modified":"2020-08-02T21:47:14","modified_gmt":"2020-08-03T00:47:14","slug":"contato","status":"publish","type":"page","link":"http:\/\/iba-br.com\/site\/contato\/","title":{"rendered":"Contato"},"content":{"rendered":"\n<h2 class=\"has-text-color wp-block-heading\" style=\"color:#004884\">Fale <br>Conosco<\/h2>\n\n\n\n<div style=\"height:30px\" aria-hidden=\"true\" class=\"wp-block-spacer\"><\/div>\n\n\n\n<div class=\"wp-block-columns is-layout-flex wp-container-core-columns-is-layout-1 wp-block-columns-is-layout-flex\">\n<div class=\"wp-block-column is-layout-flow wp-block-column-is-layout-flow\">\n<div class=\"wpcf7 no-js\" id=\"wpcf7-f168-o1\" lang=\"pt-BR\" dir=\"ltr\">\n<div class=\"screen-reader-response\"><p role=\"status\" aria-live=\"polite\" aria-atomic=\"true\"><\/p> <ul><\/ul><\/div>\n<form action=\"\/site\/wp-json\/wp\/v2\/pages\/82#wpcf7-f168-o1\" method=\"post\" class=\"wpcf7-form init\" aria-label=\"Formul\u00e1rios de contato\" novalidate=\"novalidate\" data-status=\"init\">\n<div style=\"display: none;\">\n<input type=\"hidden\" name=\"_wpcf7\" value=\"168\" \/>\n<input type=\"hidden\" name=\"_wpcf7_version\" value=\"5.9.3\" \/>\n<input type=\"hidden\" name=\"_wpcf7_locale\" value=\"pt_BR\" \/>\n<input type=\"hidden\" name=\"_wpcf7_unit_tag\" value=\"wpcf7-f168-o1\" \/>\n<input type=\"hidden\" name=\"_wpcf7_container_post\" value=\"0\" \/>\n<input type=\"hidden\" name=\"_wpcf7_posted_data_hash\" value=\"\" \/>\n<\/div>\n<div class=\"form-group\">\n\t<p><span class=\"wpcf7-form-control-wrap\" data-name=\"nome-completo\"><input size=\"40\" class=\"wpcf7-form-control wpcf7-text wpcf7-validates-as-required form-control form-outline-theme-color-1\" aria-required=\"true\" aria-invalid=\"false\" placeholder=\"Nome Completo\" value=\"\" type=\"text\" name=\"nome-completo\" \/><\/span><br \/>\n<span class=\"wpcf7-form-control-wrap\" data-name=\"email\"><input size=\"40\" class=\"wpcf7-form-control wpcf7-email wpcf7-validates-as-required wpcf7-text wpcf7-validates-as-email form-control form-outline-theme-color-1\" aria-required=\"true\" aria-invalid=\"false\" placeholder=\"E-mail\" value=\"\" type=\"email\" name=\"email\" \/><\/span><br \/>\n<span class=\"wpcf7-form-control-wrap\" data-name=\"telefone\"><input size=\"40\" class=\"wpcf7-form-control wpcf7-tel wpcf7-text wpcf7-validates-as-tel form-control form-outline-theme-color-1\" aria-invalid=\"false\" placeholder=\"Telefone\" value=\"\" type=\"tel\" name=\"telefone\" \/><\/span><br \/>\n<span class=\"wpcf7-form-control-wrap\" data-name=\"assunto\"><input size=\"40\" class=\"wpcf7-form-control wpcf7-text wpcf7-validates-as-required form-control form-outline-theme-color-1\" aria-required=\"true\" aria-invalid=\"false\" placeholder=\"Assunto\" value=\"\" type=\"text\" name=\"assunto\" \/><\/span><br \/>\n<span class=\"wpcf7-form-control-wrap\" data-name=\"mensagem\"><textarea cols=\"40\" rows=\"10\" class=\"wpcf7-form-control wpcf7-textarea wpcf7-validates-as-required form-control form-outline-theme-color-1\" aria-required=\"true\" aria-invalid=\"false\" placeholder=\"Mensagem\" name=\"mensagem\"><\/textarea><\/span><br \/>\n<input class=\"wpcf7-form-control wpcf7-submit has-spinner btn btn-theme-color-1\" type=\"submit\" value=\"Enviar\" \/>\n\t<\/p>\n<\/div><div class=\"wpcf7-response-output\" aria-hidden=\"true\"><\/div>\n<\/form>\n<\/div>\n\n<\/div>\n\n\n\n<div class=\"wp-block-column is-layout-flow wp-block-column-is-layout-flow\">\n<p class=\"has-text-align-right\"><strong>IBA &#8211; Instituto Brasileiro do Algod\u00e3o<\/strong><\/p>\n\n\n\n<p class=\"has-text-align-right\">Setor de Ind\u00fastrias Bernardo Say\u00e3o (SIBS),<br>Quadra 1, Conjunto B, Lote 2 Edif\u00edcio Abrapa,<br>1\u00ba andar, N\u00facleo Bandeirante,<br>Bras\u00edlia &#8211; DF, 71.736-102<\/p>\n\n\n\n<p class=\"has-text-align-right\"><a href=\"tel:556130228300\">+55 61 3022-8300<\/a><\/p>\n<\/div>\n<\/div>\n","protected":false},"excerpt":{"rendered":"<p>Fale Conosco IBA &#8211; Instituto Brasileiro do Algod\u00e3o Setor de Ind\u00fastrias Bernardo Say\u00e3o (SIBS),Quadra 1, Conjunto B, Lote 2 Edif\u00edcio Abrapa,1\u00ba andar, N\u00facleo Bandeirante,Bras\u00edlia &#8211; DF, 71.736-102 +55 61 3022-8300<\/p>\n","protected":false},"author":1,"featured_media":0,"parent":0,"menu_order":0,"comment_status":"closed","ping_status":"closed","template":"page-templates\/contato.php","meta":{"footnotes":""},"yoast_head":"<!-- This site is optimized with the Yoast SEO plugin v22.4 - https:\/\/yoast.com\/wordpress\/plugins\/seo\/ -->\n<title>Contato - Instituto Brasileiro do Algod\u00e3o - IBA<\/title>\n<meta name=\"robots\" content=\"index, follow, max-snippet:-1, max-image-preview:large, max-video-preview:-1\" \/>\n<link rel=\"canonical\" href=\"http:\/\/iba-br.com\/site\/contato\/\" \/>\n<meta property=\"og:locale\" content=\"pt_BR\" \/>\n<meta property=\"og:type\" content=\"article\" \/>\n<meta property=\"og:title\" content=\"Contato - Instituto Brasileiro do Algod\u00e3o - IBA\" \/>\n<meta property=\"og:description\" content=\"Fale Conosco IBA &#8211; Instituto Brasileiro do Algod\u00e3o Setor de Ind\u00fastrias Bernardo Say\u00e3o (SIBS),Quadra 1, Conjunto B, Lote 2 Edif\u00edcio Abrapa,1\u00ba andar, N\u00facleo Bandeirante,Bras\u00edlia &#8211; DF, 71.736-102 +55 61 3022-8300\" \/>\n<meta property=\"og:url\" content=\"http:\/\/iba-br.com\/site\/contato\/\" \/>\n<meta property=\"og:site_name\" content=\"Instituto Brasileiro do Algod\u00e3o - IBA\" \/>\n<meta property=\"article:modified_time\" content=\"2020-08-03T00:47:14+00:00\" \/>\n<meta name=\"twitter:card\" content=\"summary_large_image\" \/>\n<script type=\"application\/ld+json\" class=\"yoast-schema-graph\">{\"@context\":\"https:\/\/schema.org\",\"@graph\":[{\"@type\":\"WebPage\",\"@id\":\"http:\/\/iba-br.com\/site\/contato\/\",\"url\":\"http:\/\/iba-br.com\/site\/contato\/\",\"name\":\"Contato - Instituto Brasileiro do Algod\u00e3o - IBA\",\"isPartOf\":{\"@id\":\"http:\/\/iba-br.com\/site\/#website\"},\"datePublished\":\"2020-07-19T19:40:26+00:00\",\"dateModified\":\"2020-08-03T00:47:14+00:00\",\"breadcrumb\":{\"@id\":\"http:\/\/iba-br.com\/site\/contato\/#breadcrumb\"},\"inLanguage\":\"pt-BR\",\"potentialAction\":[{\"@type\":\"ReadAction\",\"target\":[\"http:\/\/iba-br.com\/site\/contato\/\"]}]},{\"@type\":\"BreadcrumbList\",\"@id\":\"http:\/\/iba-br.com\/site\/contato\/#breadcrumb\",\"itemListElement\":[{\"@type\":\"ListItem\",\"position\":1,\"name\":\"In\u00edcio\",\"item\":\"http:\/\/iba-br.com\/site\/\"},{\"@type\":\"ListItem\",\"position\":2,\"name\":\"Contato\"}]},{\"@type\":\"WebSite\",\"@id\":\"http:\/\/iba-br.com\/site\/#website\",\"url\":\"http:\/\/iba-br.com\/site\/\",\"name\":\"Instituto Brasileiro do Algod\u00e3o - IBA\",\"description\":\"Juntos, construindo o futuro do algod\u00e3o\",\"potentialAction\":[{\"@type\":\"SearchAction\",\"target\":{\"@type\":\"EntryPoint\",\"urlTemplate\":\"http:\/\/iba-br.com\/site\/?s={search_term_string}\"},\"query-input\":\"required name=search_term_string\"}],\"inLanguage\":\"pt-BR\"}]}<\/script>\n<!-- \/ Yoast SEO plugin. -->","yoast_head_json":{"title":"Contato - Instituto Brasileiro do Algod\u00e3o - IBA","robots":{"index":"index","follow":"follow","max-snippet":"max-snippet:-1","max-image-preview":"max-image-preview:large","max-video-preview":"max-video-preview:-1"},"canonical":"http:\/\/iba-br.com\/site\/contato\/","og_locale":"pt_BR","og_type":"article","og_title":"Contato - Instituto Brasileiro do Algod\u00e3o - IBA","og_description":"Fale Conosco IBA &#8211; Instituto Brasileiro do Algod\u00e3o Setor de Ind\u00fastrias Bernardo Say\u00e3o (SIBS),Quadra 1, Conjunto B, Lote 2 Edif\u00edcio Abrapa,1\u00ba andar, N\u00facleo Bandeirante,Bras\u00edlia &#8211; DF, 71.736-102 +55 61 3022-8300","og_url":"http:\/\/iba-br.com\/site\/contato\/","og_site_name":"Instituto Brasileiro do Algod\u00e3o - IBA","article_modified_time":"2020-08-03T00:47:14+00:00","twitter_card":"summary_large_image","schema":{"@context":"https:\/\/schema.org","@graph":[{"@type":"WebPage","@id":"http:\/\/iba-br.com\/site\/contato\/","url":"http:\/\/iba-br.com\/site\/contato\/","name":"Contato - Instituto Brasileiro do Algod\u00e3o - IBA","isPartOf":{"@id":"http:\/\/iba-br.com\/site\/#website"},"datePublished":"2020-07-19T19:40:26+00:00","dateModified":"2020-08-03T00:47:14+00:00","breadcrumb":{"@id":"http:\/\/iba-br.com\/site\/contato\/#breadcrumb"},"inLanguage":"pt-BR","potentialAction":[{"@type":"ReadAction","target":["http:\/\/iba-br.com\/site\/contato\/"]}]},{"@type":"BreadcrumbList","@id":"http:\/\/iba-br.com\/site\/contato\/#breadcrumb","itemListElement":[{"@type":"ListItem","position":1,"name":"In\u00edcio","item":"http:\/\/iba-br.com\/site\/"},{"@type":"ListItem","position":2,"name":"Contato"}]},{"@type":"WebSite","@id":"http:\/\/iba-br.com\/site\/#website","url":"http:\/\/iba-br.com\/site\/","name":"Instituto Brasileiro do Algod\u00e3o - IBA","description":"Juntos, construindo o futuro do algod\u00e3o","potentialAction":[{"@type":"SearchAction","target":{"@type":"EntryPoint","urlTemplate":"http:\/\/iba-br.com\/site\/?s={search_term_string}"},"query-input":"required name=search_term_string"}],"inLanguage":"pt-BR"}]}},"_links":{"self":[{"href":"http:\/\/iba-br.com\/site\/wp-json\/wp\/v2\/pages\/82"}],"collection":[{"href":"http:\/\/iba-br.com\/site\/wp-json\/wp\/v2\/pages"}],"about":[{"href":"http:\/\/iba-br.com\/site\/wp-json\/wp\/v2\/types\/page"}],"author":[{"embeddable":true,"href":"http:\/\/iba-br.com\/site\/wp-json\/wp\/v2\/users\/1"}],"replies":[{"embeddable":true,"href":"http:\/\/iba-br.com\/site\/wp-json\/wp\/v2\/comments?post=82"}],"version-history":[{"count":15,"href":"http:\/\/iba-br.com\/site\/wp-json\/wp\/v2\/pages\/82\/revisions"}],"predecessor-version":[{"id":169,"href":"http:\/\/iba-br.com\/site\/wp-json\/wp\/v2\/pages\/82\/revisions\/169"}],"wp:attachment":[{"href":"http:\/\/iba-br.com\/site\/wp-json\/wp\/v2\/media?parent=82"}],"curies":[{"name":"wp","href":"https:\/\/api.w.org\/{rel}","templated":true}]}}