{"id":55,"date":"2020-07-17T22:13:46","date_gmt":"2020-07-18T01:13:46","guid":{"rendered":"http:\/\/iba-br.com\/wordpress\/?page_id=55"},"modified":"2020-07-17T22:13:46","modified_gmt":"2020-07-18T01:13:46","slug":"banco-do-conhecimento","status":"publish","type":"page","link":"http:\/\/iba-br.com\/site\/banco-do-conhecimento\/","title":{"rendered":"Banco do conhecimento"},"content":{"rendered":"\n<p>N\u00e3o mexer nessa p\u00e1gina<\/p>\n","protected":false},"excerpt":{"rendered":"<p>N\u00e3o mexer nessa p\u00e1gina<\/p>\n","protected":false},"author":1,"featured_media":0,"parent":0,"menu_order":0,"comment_status":"closed","ping_status":"closed","template":"page-templates\/banco-conhecimento.php","meta":{"footnotes":""},"yoast_head":"<!-- This site is optimized with the Yoast SEO plugin v22.4 - https:\/\/yoast.com\/wordpress\/plugins\/seo\/ -->\n<title>Banco do conhecimento - Instituto Brasileiro do Algod\u00e3o - IBA<\/title>\n<meta name=\"robots\" content=\"index, follow, max-snippet:-1, max-image-preview:large, max-video-preview:-1\" \/>\n<link rel=\"canonical\" href=\"http:\/\/iba-br.com\/site\/banco-do-conhecimento\/\" \/>\n<meta property=\"og:locale\" content=\"pt_BR\" \/>\n<meta property=\"og:type\" content=\"article\" \/>\n<meta property=\"og:title\" content=\"Banco do conhecimento - Instituto Brasileiro do Algod\u00e3o - IBA\" \/>\n<meta property=\"og:description\" content=\"N\u00e3o mexer nessa p\u00e1gina\" \/>\n<meta property=\"og:url\" content=\"http:\/\/iba-br.com\/site\/banco-do-conhecimento\/\" \/>\n<meta property=\"og:site_name\" content=\"Instituto Brasileiro do Algod\u00e3o - IBA\" \/>\n<meta name=\"twitter:card\" content=\"summary_large_image\" \/>\n<script type=\"application\/ld+json\" class=\"yoast-schema-graph\">{\"@context\":\"https:\/\/schema.org\",\"@graph\":[{\"@type\":\"WebPage\",\"@id\":\"http:\/\/iba-br.com\/site\/banco-do-conhecimento\/\",\"url\":\"http:\/\/iba-br.com\/site\/banco-do-conhecimento\/\",\"name\":\"Banco do conhecimento - Instituto Brasileiro do Algod\u00e3o - IBA\",\"isPartOf\":{\"@id\":\"http:\/\/iba-br.com\/site\/#website\"},\"datePublished\":\"2020-07-18T01:13:46+00:00\",\"dateModified\":\"2020-07-18T01:13:46+00:00\",\"breadcrumb\":{\"@id\":\"http:\/\/iba-br.com\/site\/banco-do-conhecimento\/#breadcrumb\"},\"inLanguage\":\"pt-BR\",\"potentialAction\":[{\"@type\":\"ReadAction\",\"target\":[\"http:\/\/iba-br.com\/site\/banco-do-conhecimento\/\"]}]},{\"@type\":\"BreadcrumbList\",\"@id\":\"http:\/\/iba-br.com\/site\/banco-do-conhecimento\/#breadcrumb\",\"itemListElement\":[{\"@type\":\"ListItem\",\"position\":1,\"name\":\"In\u00edcio\",\"item\":\"http:\/\/iba-br.com\/site\/\"},{\"@type\":\"ListItem\",\"position\":2,\"name\":\"Banco do conhecimento\"}]},{\"@type\":\"WebSite\",\"@id\":\"http:\/\/iba-br.com\/site\/#website\",\"url\":\"http:\/\/iba-br.com\/site\/\",\"name\":\"Instituto Brasileiro do Algod\u00e3o - IBA\",\"description\":\"Juntos, construindo o futuro do algod\u00e3o\",\"potentialAction\":[{\"@type\":\"SearchAction\",\"target\":{\"@type\":\"EntryPoint\",\"urlTemplate\":\"http:\/\/iba-br.com\/site\/?s={search_term_string}\"},\"query-input\":\"required name=search_term_string\"}],\"inLanguage\":\"pt-BR\"}]}<\/script>\n<!-- \/ Yoast SEO plugin. -->","yoast_head_json":{"title":"Banco do conhecimento - Instituto Brasileiro do Algod\u00e3o - IBA","robots":{"index":"index","follow":"follow","max-snippet":"max-snippet:-1","max-image-preview":"max-image-preview:large","max-video-preview":"max-video-preview:-1"},"canonical":"http:\/\/iba-br.com\/site\/banco-do-conhecimento\/","og_locale":"pt_BR","og_type":"article","og_title":"Banco do conhecimento - Instituto Brasileiro do Algod\u00e3o - IBA","og_description":"N\u00e3o mexer nessa p\u00e1gina","og_url":"http:\/\/iba-br.com\/site\/banco-do-conhecimento\/","og_site_name":"Instituto Brasileiro do Algod\u00e3o - IBA","twitter_card":"summary_large_image","schema":{"@context":"https:\/\/schema.org","@graph":[{"@type":"WebPage","@id":"http:\/\/iba-br.com\/site\/banco-do-conhecimento\/","url":"http:\/\/iba-br.com\/site\/banco-do-conhecimento\/","name":"Banco do conhecimento - Instituto Brasileiro do Algod\u00e3o - IBA","isPartOf":{"@id":"http:\/\/iba-br.com\/site\/#website"},"datePublished":"2020-07-18T01:13:46+00:00","dateModified":"2020-07-18T01:13:46+00:00","breadcrumb":{"@id":"http:\/\/iba-br.com\/site\/banco-do-conhecimento\/#breadcrumb"},"inLanguage":"pt-BR","potentialAction":[{"@type":"ReadAction","target":["http:\/\/iba-br.com\/site\/banco-do-conhecimento\/"]}]},{"@type":"BreadcrumbList","@id":"http:\/\/iba-br.com\/site\/banco-do-conhecimento\/#breadcrumb","itemListElement":[{"@type":"ListItem","position":1,"name":"In\u00edcio","item":"http:\/\/iba-br.com\/site\/"},{"@type":"ListItem","position":2,"name":"Banco do conhecimento"}]},{"@type":"WebSite","@id":"http:\/\/iba-br.com\/site\/#website","url":"http:\/\/iba-br.com\/site\/","name":"Instituto Brasileiro do Algod\u00e3o - IBA","description":"Juntos, construindo o futuro do algod\u00e3o","potentialAction":[{"@type":"SearchAction","target":{"@type":"EntryPoint","urlTemplate":"http:\/\/iba-br.com\/site\/?s={search_term_string}"},"query-input":"required name=search_term_string"}],"inLanguage":"pt-BR"}]}},"_links":{"self":[{"href":"http:\/\/iba-br.com\/site\/wp-json\/wp\/v2\/pages\/55"}],"collection":[{"href":"http:\/\/iba-br.com\/site\/wp-json\/wp\/v2\/pages"}],"about":[{"href":"http:\/\/iba-br.com\/site\/wp-json\/wp\/v2\/types\/page"}],"author":[{"embeddable":true,"href":"http:\/\/iba-br.com\/site\/wp-json\/wp\/v2\/users\/1"}],"replies":[{"embeddable":true,"href":"http:\/\/iba-br.com\/site\/wp-json\/wp\/v2\/comments?post=55"}],"version-history":[{"count":1,"href":"http:\/\/iba-br.com\/site\/wp-json\/wp\/v2\/pages\/55\/revisions"}],"predecessor-version":[{"id":56,"href":"http:\/\/iba-br.com\/site\/wp-json\/wp\/v2\/pages\/55\/revisions\/56"}],"wp:attachment":[{"href":"http:\/\/iba-br.com\/site\/wp-json\/wp\/v2\/media?parent=55"}],"curies":[{"name":"wp","href":"https:\/\/api.w.org\/{rel}","templated":true}]}}