{"id":266,"date":"2020-08-05T09:45:00","date_gmt":"2020-08-05T12:45:00","guid":{"rendered":"http:\/\/iba-br.com\/wordpress\/?page_id=266"},"modified":"2020-09-08T13:20:24","modified_gmt":"2020-09-08T16:20:24","slug":"nossa-historia","status":"publish","type":"page","link":"http:\/\/iba-br.com\/site\/nossa-historia\/","title":{"rendered":"Nossa hist\u00f3ria"},"content":{"rendered":"\n<div class=\"wp-block-columns is-layout-flex wp-container-core-columns-is-layout-1 wp-block-columns-is-layout-flex\">\n<div class=\"wp-block-column is-layout-flow wp-block-column-is-layout-flow\" style=\"flex-basis:66.66%\">\n<p class=\"has-medium-font-size\"><strong>Nossa hist\u00f3ria,<br>constru\u00edmos todos os dias<\/strong><\/p>\n\n\n\n<div style=\"height:20px\" aria-hidden=\"true\" class=\"wp-block-spacer\"><\/div>\n\n\n\n<p>Somos uma associa\u00e7\u00e3o civil sem fins lucrativos fundada em junho de 2010, para gerir recursos do contencioso do algod\u00e3o &#8211; da Organiza\u00e7\u00e3o Mundial do Com\u00e9rcio &#8211; OMC (WT\/DS267) &#8211; com o objetivo de promover o desenvolvimento e fortalecimento da cotonicultura brasileira, observando as melhores pr\u00e1ticas de gest\u00e3o, governan\u00e7a e transpar\u00eancia.<\/p>\n\n\n\n<p><br>Nossa raz\u00e3o de existir \u00e9 apoiar as associadas e produtores do algod\u00e3o na cria\u00e7\u00e3o e gest\u00e3o de projetos que fortalecem e desenvolvam o setor. E tamb\u00e9m promover o compartilhamento de experi\u00eancias, organizando, preservando e valorizando o conhecimento e a nossa hist\u00f3ria.<\/p>\n<\/div>\n\n\n\n<div class=\"wp-block-column is-layout-flow wp-block-column-is-layout-flow\" style=\"flex-basis:33.33%\">\n<p class=\"has-medium-font-size\">O contencioso<br>do algod\u00e3o<\/p>\n\n\n\n<div style=\"height:20px\" aria-hidden=\"true\" class=\"wp-block-spacer\"><\/div>\n\n\n\n<p><strong>O contencioso do algod\u00e3o na Organiza\u00e7\u00e3o Mundial do Com\u00e9rcio &#8211; OMC (WT\/DS267), entre Brasil e Estados Unidos \u00e9 relativo aos subs\u00eddios concedidos pelo governo americano a seus produtores.<\/strong><\/p>\n\n\n\n<p><br><strong>A solu\u00e7\u00e3o parcial do contencioso, em 2010, foi a cria\u00e7\u00e3o de um fundo com recursos do Commodity Credit Corporation, \u00f3rg\u00e3o pertencente ao governo americano.<\/strong><\/p>\n<\/div>\n<\/div>\n\n\n\n<div style=\"height:50px\" aria-hidden=\"true\" class=\"wp-block-spacer\"><\/div>\n\n\n\n<h4 class=\"wp-block-heading\"><strong>Alguns momentos<\/strong><br><strong>da nossa hist\u00f3ria<\/strong><\/h4>\n\n\n\n<div style=\"height:50px\" aria-hidden=\"true\" class=\"wp-block-spacer\"><\/div>\n\n\n\n<div class=\"wp-block-media-text alignwide is-stacked-on-mobile\"><figure class=\"wp-block-media-text__media\"><img loading=\"lazy\" decoding=\"async\" width=\"330\" height=\"210\" src=\"http:\/\/iba-br.com\/wordpress\/wp-content\/uploads\/2020\/08\/iba-2010-a.jpg\" alt=\"\" class=\"wp-image-267\" srcset=\"http:\/\/iba-br.com\/site\/wp-content\/uploads\/2020\/08\/iba-2010-a.jpg 330w, http:\/\/iba-br.com\/site\/wp-content\/uploads\/2020\/08\/iba-2010-a-300x191.jpg 300w, http:\/\/iba-br.com\/site\/wp-content\/uploads\/2020\/08\/iba-2010-a-106x67.jpg 106w, http:\/\/iba-br.com\/site\/wp-content\/uploads\/2020\/08\/iba-2010-a-213x136.jpg 213w\" sizes=\"(max-width: 330px) 100vw, 330px\" \/><\/figure><div class=\"wp-block-media-text__content\">\n<p><strong>Cria\u00e7\u00e3o <\/strong><br><strong>do IBA<\/strong><\/p>\n\n\n\n<div style=\"height:20px\" aria-hidden=\"true\" class=\"wp-block-spacer\"><\/div>\n\n\n\n<p>Para gerir os recursos do contencioso do algod\u00e3o com vistas ao fortalecimento do algod\u00e3o brasileiro<\/p>\n<\/div><\/div>\n\n\n\n<div style=\"height:40px\" aria-hidden=\"true\" class=\"wp-block-spacer\"><\/div>\n\n\n\n<div class=\"wp-block-media-text alignwide has-media-on-the-right is-stacked-on-mobile\"><figure class=\"wp-block-media-text__media\"><img loading=\"lazy\" decoding=\"async\" width=\"330\" height=\"210\" src=\"http:\/\/iba-br.com\/wordpress\/wp-content\/uploads\/2020\/08\/iba-2010-b.jpg\" alt=\"\" class=\"wp-image-276\" srcset=\"http:\/\/iba-br.com\/site\/wp-content\/uploads\/2020\/08\/iba-2010-b.jpg 330w, http:\/\/iba-br.com\/site\/wp-content\/uploads\/2020\/08\/iba-2010-b-300x191.jpg 300w, http:\/\/iba-br.com\/site\/wp-content\/uploads\/2020\/08\/iba-2010-b-106x67.jpg 106w, http:\/\/iba-br.com\/site\/wp-content\/uploads\/2020\/08\/iba-2010-b-213x136.jpg 213w\" sizes=\"(max-width: 330px) 100vw, 330px\" \/><\/figure><div class=\"wp-block-media-text__content\">\n<p class=\"has-text-align-right\"><strong>In\u00edcio das<br>atividades do IBA<\/strong><\/p>\n\n\n\n<div style=\"height:20px\" aria-hidden=\"true\" class=\"wp-block-spacer\"><\/div>\n\n\n\n<p class=\"has-text-align-right\">Estrutura\u00e7\u00e3o do IBA e aprova\u00e7\u00e3o dos primeiros projetos<\/p>\n<\/div><\/div>\n\n\n\n<div style=\"height:40px\" aria-hidden=\"true\" class=\"wp-block-spacer\"><\/div>\n\n\n\n<div class=\"wp-block-media-text alignwide is-stacked-on-mobile\"><figure class=\"wp-block-media-text__media\"><img loading=\"lazy\" decoding=\"async\" width=\"330\" height=\"210\" src=\"http:\/\/iba-br.com\/wordpress\/wp-content\/uploads\/2020\/08\/iba-2012-a.jpg\" alt=\"\" class=\"wp-image-280\" srcset=\"http:\/\/iba-br.com\/site\/wp-content\/uploads\/2020\/08\/iba-2012-a.jpg 330w, http:\/\/iba-br.com\/site\/wp-content\/uploads\/2020\/08\/iba-2012-a-300x191.jpg 300w, http:\/\/iba-br.com\/site\/wp-content\/uploads\/2020\/08\/iba-2012-a-106x67.jpg 106w, http:\/\/iba-br.com\/site\/wp-content\/uploads\/2020\/08\/iba-2012-a-213x136.jpg 213w\" sizes=\"(max-width: 330px) 100vw, 330px\" \/><\/figure><div class=\"wp-block-media-text__content\">\n<p><strong>Estrutura\u00e7\u00e3o do IBA e aprova\u00e7\u00e3o dos primeiros projetos<\/strong><\/p>\n\n\n\n<p>Para gerir os recursos do contencioso do algod\u00e3o com vistas ao fortalecimento do algod\u00e3o brasileiro<\/p>\n<\/div><\/div>\n\n\n\n<div style=\"height:40px\" aria-hidden=\"true\" class=\"wp-block-spacer\"><\/div>\n\n\n\n<div class=\"wp-block-media-text alignwide has-media-on-the-right is-stacked-on-mobile\"><figure class=\"wp-block-media-text__media\"><img loading=\"lazy\" decoding=\"async\" width=\"330\" height=\"210\" src=\"http:\/\/iba-br.com\/wordpress\/wp-content\/uploads\/2020\/08\/iba-2013-a.jpg\" alt=\"\" class=\"wp-image-285\" srcset=\"http:\/\/iba-br.com\/site\/wp-content\/uploads\/2020\/08\/iba-2013-a.jpg 330w, http:\/\/iba-br.com\/site\/wp-content\/uploads\/2020\/08\/iba-2013-a-300x191.jpg 300w, http:\/\/iba-br.com\/site\/wp-content\/uploads\/2020\/08\/iba-2013-a-106x67.jpg 106w, http:\/\/iba-br.com\/site\/wp-content\/uploads\/2020\/08\/iba-2013-a-213x136.jpg 213w\" sizes=\"(max-width: 330px) 100vw, 330px\" \/><\/figure><div class=\"wp-block-media-text__content\">\n<p class=\"has-text-align-right\"><strong>Especializa\u00e7\u00e3o<\/strong><br><strong>IBMEC<\/strong><\/p>\n\n\n\n<div style=\"height:20px\" aria-hidden=\"true\" class=\"wp-block-spacer\"><\/div>\n\n\n\n<p class=\"has-text-align-right\">Especializa\u00e7\u00e3o IBMEC em gest\u00e3o de projetos para o IBA, ABRAPA e associadas.<\/p>\n<\/div><\/div>\n\n\n\n<div style=\"height:40px\" aria-hidden=\"true\" class=\"wp-block-spacer\"><\/div>\n\n\n\n<div class=\"wp-block-media-text alignwide is-stacked-on-mobile\"><figure class=\"wp-block-media-text__media\"><img loading=\"lazy\" decoding=\"async\" width=\"330\" height=\"210\" src=\"http:\/\/iba-br.com\/wordpress\/wp-content\/uploads\/2020\/08\/iba-2014-a.jpg\" alt=\"\" class=\"wp-image-286\" srcset=\"http:\/\/iba-br.com\/site\/wp-content\/uploads\/2020\/08\/iba-2014-a.jpg 330w, http:\/\/iba-br.com\/site\/wp-content\/uploads\/2020\/08\/iba-2014-a-300x191.jpg 300w, http:\/\/iba-br.com\/site\/wp-content\/uploads\/2020\/08\/iba-2014-a-106x67.jpg 106w, http:\/\/iba-br.com\/site\/wp-content\/uploads\/2020\/08\/iba-2014-a-213x136.jpg 213w\" sizes=\"(max-width: 330px) 100vw, 330px\" \/><\/figure><div class=\"wp-block-media-text__content\">\n<p><strong>Workshop<br>de projetos<\/strong><\/p>\n\n\n\n<div style=\"height:20px\" aria-hidden=\"true\" class=\"wp-block-spacer\"><\/div>\n\n\n\n<p>Realiza\u00e7\u00e3o do 1\u00ba Workshop de Projedos do IBA para gestores de projetos das associadas.<\/p>\n<\/div><\/div>\n\n\n\n<div style=\"height:40px\" aria-hidden=\"true\" class=\"wp-block-spacer\"><\/div>\n\n\n\n<div class=\"wp-block-media-text alignwide has-media-on-the-right is-stacked-on-mobile\"><figure class=\"wp-block-media-text__media\"><img loading=\"lazy\" decoding=\"async\" width=\"330\" height=\"210\" src=\"http:\/\/iba-br.com\/wordpress\/wp-content\/uploads\/2020\/08\/iba-2015-a.jpg\" alt=\"\" class=\"wp-image-287\" srcset=\"http:\/\/iba-br.com\/site\/wp-content\/uploads\/2020\/08\/iba-2015-a.jpg 330w, http:\/\/iba-br.com\/site\/wp-content\/uploads\/2020\/08\/iba-2015-a-300x191.jpg 300w, http:\/\/iba-br.com\/site\/wp-content\/uploads\/2020\/08\/iba-2015-a-106x67.jpg 106w, http:\/\/iba-br.com\/site\/wp-content\/uploads\/2020\/08\/iba-2015-a-213x136.jpg 213w\" sizes=\"(max-width: 330px) 100vw, 330px\" \/><\/figure><div class=\"wp-block-media-text__content\">\n<p class=\"has-text-align-right\"><strong>Dissemina\u00e7\u00e3o<\/strong><br><strong>das normas<\/strong><\/p>\n\n\n\n<div style=\"height:20px\" aria-hidden=\"true\" class=\"wp-block-spacer\"><\/div>\n\n\n\n<p class=\"has-text-align-right\">Ciclo de treinamento sobre as normas de projetos, oferecidos para associadas.<\/p>\n<\/div><\/div>\n\n\n\n<div style=\"height:40px\" aria-hidden=\"true\" class=\"wp-block-spacer\"><\/div>\n\n\n\n<div class=\"wp-block-media-text alignwide is-stacked-on-mobile\"><figure class=\"wp-block-media-text__media\"><img loading=\"lazy\" decoding=\"async\" width=\"330\" height=\"210\" src=\"http:\/\/iba-br.com\/wordpress\/wp-content\/uploads\/2020\/08\/iba-2016-a.jpg\" alt=\"\" class=\"wp-image-288\" srcset=\"http:\/\/iba-br.com\/site\/wp-content\/uploads\/2020\/08\/iba-2016-a.jpg 330w, http:\/\/iba-br.com\/site\/wp-content\/uploads\/2020\/08\/iba-2016-a-300x191.jpg 300w, http:\/\/iba-br.com\/site\/wp-content\/uploads\/2020\/08\/iba-2016-a-106x67.jpg 106w, http:\/\/iba-br.com\/site\/wp-content\/uploads\/2020\/08\/iba-2016-a-213x136.jpg 213w\" sizes=\"(max-width: 330px) 100vw, 330px\" \/><\/figure><div class=\"wp-block-media-text__content\">\n<p><strong>Acompanhamento<br>e monitoramento<\/strong><\/p>\n\n\n\n<div style=\"height:20px\" aria-hidden=\"true\" class=\"wp-block-spacer\"><\/div>\n\n\n\n<p>Acompanhamento, monitoramento e divulga\u00e7\u00e3o dos projetos. Foco em resultados.<\/p>\n<\/div><\/div>\n\n\n\n<div style=\"height:40px\" aria-hidden=\"true\" class=\"wp-block-spacer\"><\/div>\n\n\n\n<div class=\"wp-block-media-text alignwide has-media-on-the-right is-stacked-on-mobile\"><figure class=\"wp-block-media-text__media\"><img loading=\"lazy\" decoding=\"async\" width=\"330\" height=\"210\" src=\"http:\/\/iba-br.com\/wordpress\/wp-content\/uploads\/2020\/09\/iba-2017.jpg\" alt=\"\" class=\"wp-image-1555\" srcset=\"http:\/\/iba-br.com\/site\/wp-content\/uploads\/2020\/09\/iba-2017.jpg 330w, http:\/\/iba-br.com\/site\/wp-content\/uploads\/2020\/09\/iba-2017-300x191.jpg 300w, http:\/\/iba-br.com\/site\/wp-content\/uploads\/2020\/09\/iba-2017-106x67.jpg 106w, http:\/\/iba-br.com\/site\/wp-content\/uploads\/2020\/09\/iba-2017-213x136.jpg 213w\" sizes=\"(max-width: 330px) 100vw, 330px\" \/><\/figure><div class=\"wp-block-media-text__content\">\n<p class=\"has-text-align-right\"><strong>Comunica\u00e7\u00e3o<\/strong><br><strong>Estrat\u00e9gica<\/strong><\/p>\n\n\n\n<div style=\"height:20px\" aria-hidden=\"true\" class=\"wp-block-spacer\"><\/div>\n\n\n\n<p class=\"has-text-align-right\">Fortalecimento da comunica\u00e7\u00e3o dos projetos do algod\u00e3o com foco no posicionamento estrat\u00e9gico.<\/p>\n<\/div><\/div>\n\n\n\n<div style=\"height:40px\" aria-hidden=\"true\" class=\"wp-block-spacer\"><\/div>\n\n\n\n<div class=\"wp-block-media-text alignwide is-stacked-on-mobile\"><figure class=\"wp-block-media-text__media\"><img loading=\"lazy\" decoding=\"async\" width=\"330\" height=\"210\" src=\"http:\/\/iba-br.com\/wordpress\/wp-content\/uploads\/2020\/09\/iba-2018.jpg\" alt=\"\" class=\"wp-image-1556\" srcset=\"http:\/\/iba-br.com\/site\/wp-content\/uploads\/2020\/09\/iba-2018.jpg 330w, http:\/\/iba-br.com\/site\/wp-content\/uploads\/2020\/09\/iba-2018-300x191.jpg 300w, http:\/\/iba-br.com\/site\/wp-content\/uploads\/2020\/09\/iba-2018-106x67.jpg 106w, http:\/\/iba-br.com\/site\/wp-content\/uploads\/2020\/09\/iba-2018-213x136.jpg 213w\" sizes=\"(max-width: 330px) 100vw, 330px\" \/><\/figure><div class=\"wp-block-media-text__content\">\n<p><strong>Mensurando<br>Resultados<\/strong><\/p>\n\n\n\n<div style=\"height:20px\" aria-hidden=\"true\" class=\"wp-block-spacer\"><\/div>\n\n\n\n<p>Implanta\u00e7\u00e3o dos Indicadores de Resultados constru\u00eddos com a parceria IBA, Abrapa e Associadas.<\/p>\n<\/div><\/div>\n\n\n\n<div style=\"height:40px\" aria-hidden=\"true\" class=\"wp-block-spacer\"><\/div>\n\n\n\n<div class=\"wp-block-media-text alignwide has-media-on-the-right is-stacked-on-mobile\"><figure class=\"wp-block-media-text__media\"><img loading=\"lazy\" decoding=\"async\" width=\"330\" height=\"210\" src=\"http:\/\/iba-br.com\/wordpress\/wp-content\/uploads\/2020\/09\/iba-2019.jpg\" alt=\"\" class=\"wp-image-1557\" srcset=\"http:\/\/iba-br.com\/site\/wp-content\/uploads\/2020\/09\/iba-2019.jpg 330w, http:\/\/iba-br.com\/site\/wp-content\/uploads\/2020\/09\/iba-2019-300x191.jpg 300w, http:\/\/iba-br.com\/site\/wp-content\/uploads\/2020\/09\/iba-2019-106x67.jpg 106w, http:\/\/iba-br.com\/site\/wp-content\/uploads\/2020\/09\/iba-2019-213x136.jpg 213w\" sizes=\"(max-width: 330px) 100vw, 330px\" \/><\/figure><div class=\"wp-block-media-text__content\">\n<p class=\"has-text-align-right\"><strong>Inova\u00e7\u00e3o e<\/strong><br><strong>Comunica\u00e7\u00e3o Digital<\/strong><\/p>\n\n\n\n<div style=\"height:20px\" aria-hidden=\"true\" class=\"wp-block-spacer\"><\/div>\n\n\n\n<p class=\"has-text-align-right\">Os primeiros s\u00e3o projetos elaborados sob as matrizes de indicadores de resultados e os canais de comunica\u00e7\u00e3o digital tomam maior alcance.<\/p>\n<\/div><\/div>\n\n\n\n<div style=\"height:60px\" aria-hidden=\"true\" class=\"wp-block-spacer\"><\/div>\n\n\n\n<p><\/p>\n","protected":false},"excerpt":{"rendered":"<p>Nossa hist\u00f3ria,constru\u00edmos todos os dias Somos uma associa\u00e7\u00e3o civil sem fins lucrativos fundada em junho de 2010, para gerir recursos do contencioso do algod\u00e3o &#8211; da Organiza\u00e7\u00e3o Mundial do Com\u00e9rcio &#8211; OMC (WT\/DS267) &#8211; com o objetivo de promover o desenvolvimento e fortalecimento da cotonicultura brasileira, observando as melhores pr\u00e1ticas de gest\u00e3o, governan\u00e7a e transpar\u00eancia. [&hellip;]<\/p>\n","protected":false},"author":1,"featured_media":0,"parent":0,"menu_order":0,"comment_status":"closed","ping_status":"closed","template":"page-templates\/institucional.php","meta":{"footnotes":""},"yoast_head":"<!-- This site is optimized with the Yoast SEO plugin v22.4 - https:\/\/yoast.com\/wordpress\/plugins\/seo\/ -->\n<title>Nossa hist\u00f3ria - Instituto Brasileiro do Algod\u00e3o - IBA<\/title>\n<meta name=\"robots\" content=\"index, follow, max-snippet:-1, max-image-preview:large, max-video-preview:-1\" \/>\n<link rel=\"canonical\" href=\"http:\/\/iba-br.com\/site\/nossa-historia\/\" \/>\n<meta property=\"og:locale\" content=\"pt_BR\" \/>\n<meta property=\"og:type\" content=\"article\" \/>\n<meta property=\"og:title\" content=\"Nossa hist\u00f3ria - Instituto Brasileiro do Algod\u00e3o - IBA\" \/>\n<meta property=\"og:description\" content=\"Nossa hist\u00f3ria,constru\u00edmos todos os dias Somos uma associa\u00e7\u00e3o civil sem fins lucrativos fundada em junho de 2010, para gerir recursos do contencioso do algod\u00e3o &#8211; da Organiza\u00e7\u00e3o Mundial do Com\u00e9rcio &#8211; OMC (WT\/DS267) &#8211; com o objetivo de promover o desenvolvimento e fortalecimento da cotonicultura brasileira, observando as melhores pr\u00e1ticas de gest\u00e3o, governan\u00e7a e transpar\u00eancia. [&hellip;]\" \/>\n<meta property=\"og:url\" content=\"http:\/\/iba-br.com\/site\/nossa-historia\/\" \/>\n<meta property=\"og:site_name\" content=\"Instituto Brasileiro do Algod\u00e3o - IBA\" \/>\n<meta property=\"article:modified_time\" content=\"2020-09-08T16:20:24+00:00\" \/>\n<meta property=\"og:image\" content=\"http:\/\/iba-br.com\/wordpress\/wp-content\/uploads\/2020\/08\/iba-2010-a.jpg\" \/>\n<meta name=\"twitter:card\" content=\"summary_large_image\" \/>\n<meta name=\"twitter:label1\" content=\"Est. tempo de leitura\" \/>\n\t<meta name=\"twitter:data1\" content=\"2 minutos\" \/>\n<script type=\"application\/ld+json\" class=\"yoast-schema-graph\">{\"@context\":\"https:\/\/schema.org\",\"@graph\":[{\"@type\":\"WebPage\",\"@id\":\"http:\/\/iba-br.com\/site\/nossa-historia\/\",\"url\":\"http:\/\/iba-br.com\/site\/nossa-historia\/\",\"name\":\"Nossa hist\u00f3ria - Instituto Brasileiro do Algod\u00e3o - IBA\",\"isPartOf\":{\"@id\":\"http:\/\/iba-br.com\/site\/#website\"},\"primaryImageOfPage\":{\"@id\":\"http:\/\/iba-br.com\/site\/nossa-historia\/#primaryimage\"},\"image\":{\"@id\":\"http:\/\/iba-br.com\/site\/nossa-historia\/#primaryimage\"},\"thumbnailUrl\":\"http:\/\/iba-br.com\/wordpress\/wp-content\/uploads\/2020\/08\/iba-2010-a.jpg\",\"datePublished\":\"2020-08-05T12:45:00+00:00\",\"dateModified\":\"2020-09-08T16:20:24+00:00\",\"breadcrumb\":{\"@id\":\"http:\/\/iba-br.com\/site\/nossa-historia\/#breadcrumb\"},\"inLanguage\":\"pt-BR\",\"potentialAction\":[{\"@type\":\"ReadAction\",\"target\":[\"http:\/\/iba-br.com\/site\/nossa-historia\/\"]}]},{\"@type\":\"ImageObject\",\"inLanguage\":\"pt-BR\",\"@id\":\"http:\/\/iba-br.com\/site\/nossa-historia\/#primaryimage\",\"url\":\"http:\/\/iba-br.com\/wordpress\/wp-content\/uploads\/2020\/08\/iba-2010-a.jpg\",\"contentUrl\":\"http:\/\/iba-br.com\/wordpress\/wp-content\/uploads\/2020\/08\/iba-2010-a.jpg\"},{\"@type\":\"BreadcrumbList\",\"@id\":\"http:\/\/iba-br.com\/site\/nossa-historia\/#breadcrumb\",\"itemListElement\":[{\"@type\":\"ListItem\",\"position\":1,\"name\":\"In\u00edcio\",\"item\":\"http:\/\/iba-br.com\/site\/\"},{\"@type\":\"ListItem\",\"position\":2,\"name\":\"Nossa hist\u00f3ria\"}]},{\"@type\":\"WebSite\",\"@id\":\"http:\/\/iba-br.com\/site\/#website\",\"url\":\"http:\/\/iba-br.com\/site\/\",\"name\":\"Instituto Brasileiro do Algod\u00e3o - IBA\",\"description\":\"Juntos, construindo o futuro do algod\u00e3o\",\"potentialAction\":[{\"@type\":\"SearchAction\",\"target\":{\"@type\":\"EntryPoint\",\"urlTemplate\":\"http:\/\/iba-br.com\/site\/?s={search_term_string}\"},\"query-input\":\"required name=search_term_string\"}],\"inLanguage\":\"pt-BR\"}]}<\/script>\n<!-- \/ Yoast SEO plugin. -->","yoast_head_json":{"title":"Nossa hist\u00f3ria - Instituto Brasileiro do Algod\u00e3o - IBA","robots":{"index":"index","follow":"follow","max-snippet":"max-snippet:-1","max-image-preview":"max-image-preview:large","max-video-preview":"max-video-preview:-1"},"canonical":"http:\/\/iba-br.com\/site\/nossa-historia\/","og_locale":"pt_BR","og_type":"article","og_title":"Nossa hist\u00f3ria - Instituto Brasileiro do Algod\u00e3o - IBA","og_description":"Nossa hist\u00f3ria,constru\u00edmos todos os dias Somos uma associa\u00e7\u00e3o civil sem fins lucrativos fundada em junho de 2010, para gerir recursos do contencioso do algod\u00e3o &#8211; da Organiza\u00e7\u00e3o Mundial do Com\u00e9rcio &#8211; OMC (WT\/DS267) &#8211; com o objetivo de promover o desenvolvimento e fortalecimento da cotonicultura brasileira, observando as melhores pr\u00e1ticas de gest\u00e3o, governan\u00e7a e transpar\u00eancia. [&hellip;]","og_url":"http:\/\/iba-br.com\/site\/nossa-historia\/","og_site_name":"Instituto Brasileiro do Algod\u00e3o - IBA","article_modified_time":"2020-09-08T16:20:24+00:00","og_image":[{"url":"http:\/\/iba-br.com\/wordpress\/wp-content\/uploads\/2020\/08\/iba-2010-a.jpg"}],"twitter_card":"summary_large_image","twitter_misc":{"Est. tempo de leitura":"2 minutos"},"schema":{"@context":"https:\/\/schema.org","@graph":[{"@type":"WebPage","@id":"http:\/\/iba-br.com\/site\/nossa-historia\/","url":"http:\/\/iba-br.com\/site\/nossa-historia\/","name":"Nossa hist\u00f3ria - Instituto Brasileiro do Algod\u00e3o - IBA","isPartOf":{"@id":"http:\/\/iba-br.com\/site\/#website"},"primaryImageOfPage":{"@id":"http:\/\/iba-br.com\/site\/nossa-historia\/#primaryimage"},"image":{"@id":"http:\/\/iba-br.com\/site\/nossa-historia\/#primaryimage"},"thumbnailUrl":"http:\/\/iba-br.com\/wordpress\/wp-content\/uploads\/2020\/08\/iba-2010-a.jpg","datePublished":"2020-08-05T12:45:00+00:00","dateModified":"2020-09-08T16:20:24+00:00","breadcrumb":{"@id":"http:\/\/iba-br.com\/site\/nossa-historia\/#breadcrumb"},"inLanguage":"pt-BR","potentialAction":[{"@type":"ReadAction","target":["http:\/\/iba-br.com\/site\/nossa-historia\/"]}]},{"@type":"ImageObject","inLanguage":"pt-BR","@id":"http:\/\/iba-br.com\/site\/nossa-historia\/#primaryimage","url":"http:\/\/iba-br.com\/wordpress\/wp-content\/uploads\/2020\/08\/iba-2010-a.jpg","contentUrl":"http:\/\/iba-br.com\/wordpress\/wp-content\/uploads\/2020\/08\/iba-2010-a.jpg"},{"@type":"BreadcrumbList","@id":"http:\/\/iba-br.com\/site\/nossa-historia\/#breadcrumb","itemListElement":[{"@type":"ListItem","position":1,"name":"In\u00edcio","item":"http:\/\/iba-br.com\/site\/"},{"@type":"ListItem","position":2,"name":"Nossa hist\u00f3ria"}]},{"@type":"WebSite","@id":"http:\/\/iba-br.com\/site\/#website","url":"http:\/\/iba-br.com\/site\/","name":"Instituto Brasileiro do Algod\u00e3o - IBA","description":"Juntos, construindo o futuro do algod\u00e3o","potentialAction":[{"@type":"SearchAction","target":{"@type":"EntryPoint","urlTemplate":"http:\/\/iba-br.com\/site\/?s={search_term_string}"},"query-input":"required name=search_term_string"}],"inLanguage":"pt-BR"}]}},"_links":{"self":[{"href":"http:\/\/iba-br.com\/site\/wp-json\/wp\/v2\/pages\/266"}],"collection":[{"href":"http:\/\/iba-br.com\/site\/wp-json\/wp\/v2\/pages"}],"about":[{"href":"http:\/\/iba-br.com\/site\/wp-json\/wp\/v2\/types\/page"}],"author":[{"embeddable":true,"href":"http:\/\/iba-br.com\/site\/wp-json\/wp\/v2\/users\/1"}],"replies":[{"embeddable":true,"href":"http:\/\/iba-br.com\/site\/wp-json\/wp\/v2\/comments?post=266"}],"version-history":[{"count":24,"href":"http:\/\/iba-br.com\/site\/wp-json\/wp\/v2\/pages\/266\/revisions"}],"predecessor-version":[{"id":1561,"href":"http:\/\/iba-br.com\/site\/wp-json\/wp\/v2\/pages\/266\/revisions\/1561"}],"wp:attachment":[{"href":"http:\/\/iba-br.com\/site\/wp-json\/wp\/v2\/media?parent=266"}],"curies":[{"name":"wp","href":"https:\/\/api.w.org\/{rel}","templated":true}]}}