{"id":154,"date":"2020-08-02T18:34:10","date_gmt":"2020-08-02T21:34:10","guid":{"rendered":"http:\/\/iba-br.com\/wordpress\/?page_id=154"},"modified":"2020-09-10T09:49:17","modified_gmt":"2020-09-10T12:49:17","slug":"cooperacao-internacional","status":"publish","type":"page","link":"http:\/\/iba-br.com\/site\/cooperacao-internacional\/","title":{"rendered":"Coopera\u00e7\u00e3o internacional"},"content":{"rendered":"\n<h4 class=\"wp-block-heading\">&lt;&#8211;><\/h4>\n\n\n\n<p>&lt;&#8211;><\/p>\n\n\n\n<p><\/p>\n","protected":false},"excerpt":{"rendered":"<p>&lt;&#8211;> &lt;&#8211;><\/p>\n","protected":false},"author":1,"featured_media":0,"parent":0,"menu_order":0,"comment_status":"closed","ping_status":"closed","template":"page-templates\/institucional.php","meta":{"footnotes":""},"yoast_head":"<!-- This site is optimized with the Yoast SEO plugin v22.4 - https:\/\/yoast.com\/wordpress\/plugins\/seo\/ -->\n<title>Coopera\u00e7\u00e3o internacional - Instituto Brasileiro do Algod\u00e3o - IBA<\/title>\n<meta name=\"robots\" content=\"index, follow, max-snippet:-1, max-image-preview:large, max-video-preview:-1\" \/>\n<link rel=\"canonical\" href=\"http:\/\/iba-br.com\/site\/cooperacao-internacional\/\" \/>\n<meta property=\"og:locale\" content=\"pt_BR\" \/>\n<meta property=\"og:type\" content=\"article\" \/>\n<meta property=\"og:title\" content=\"Coopera\u00e7\u00e3o internacional - Instituto Brasileiro do Algod\u00e3o - IBA\" \/>\n<meta property=\"og:description\" content=\"&lt;&#8211;&gt; &lt;&#8211;&gt;\" \/>\n<meta property=\"og:url\" content=\"http:\/\/iba-br.com\/site\/cooperacao-internacional\/\" \/>\n<meta property=\"og:site_name\" content=\"Instituto Brasileiro do Algod\u00e3o - IBA\" \/>\n<meta property=\"article:modified_time\" content=\"2020-09-10T12:49:17+00:00\" \/>\n<meta name=\"twitter:card\" content=\"summary_large_image\" \/>\n<script type=\"application\/ld+json\" class=\"yoast-schema-graph\">{\"@context\":\"https:\/\/schema.org\",\"@graph\":[{\"@type\":\"WebPage\",\"@id\":\"http:\/\/iba-br.com\/site\/cooperacao-internacional\/\",\"url\":\"http:\/\/iba-br.com\/site\/cooperacao-internacional\/\",\"name\":\"Coopera\u00e7\u00e3o internacional - Instituto Brasileiro do Algod\u00e3o - IBA\",\"isPartOf\":{\"@id\":\"http:\/\/iba-br.com\/site\/#website\"},\"datePublished\":\"2020-08-02T21:34:10+00:00\",\"dateModified\":\"2020-09-10T12:49:17+00:00\",\"breadcrumb\":{\"@id\":\"http:\/\/iba-br.com\/site\/cooperacao-internacional\/#breadcrumb\"},\"inLanguage\":\"pt-BR\",\"potentialAction\":[{\"@type\":\"ReadAction\",\"target\":[\"http:\/\/iba-br.com\/site\/cooperacao-internacional\/\"]}]},{\"@type\":\"BreadcrumbList\",\"@id\":\"http:\/\/iba-br.com\/site\/cooperacao-internacional\/#breadcrumb\",\"itemListElement\":[{\"@type\":\"ListItem\",\"position\":1,\"name\":\"In\u00edcio\",\"item\":\"http:\/\/iba-br.com\/site\/\"},{\"@type\":\"ListItem\",\"position\":2,\"name\":\"Coopera\u00e7\u00e3o internacional\"}]},{\"@type\":\"WebSite\",\"@id\":\"http:\/\/iba-br.com\/site\/#website\",\"url\":\"http:\/\/iba-br.com\/site\/\",\"name\":\"Instituto Brasileiro do Algod\u00e3o - IBA\",\"description\":\"Juntos, construindo o futuro do algod\u00e3o\",\"potentialAction\":[{\"@type\":\"SearchAction\",\"target\":{\"@type\":\"EntryPoint\",\"urlTemplate\":\"http:\/\/iba-br.com\/site\/?s={search_term_string}\"},\"query-input\":\"required name=search_term_string\"}],\"inLanguage\":\"pt-BR\"}]}<\/script>\n<!-- \/ Yoast SEO plugin. -->","yoast_head_json":{"title":"Coopera\u00e7\u00e3o internacional - Instituto Brasileiro do Algod\u00e3o - IBA","robots":{"index":"index","follow":"follow","max-snippet":"max-snippet:-1","max-image-preview":"max-image-preview:large","max-video-preview":"max-video-preview:-1"},"canonical":"http:\/\/iba-br.com\/site\/cooperacao-internacional\/","og_locale":"pt_BR","og_type":"article","og_title":"Coopera\u00e7\u00e3o internacional - Instituto Brasileiro do Algod\u00e3o - IBA","og_description":"&lt;&#8211;> &lt;&#8211;>","og_url":"http:\/\/iba-br.com\/site\/cooperacao-internacional\/","og_site_name":"Instituto Brasileiro do Algod\u00e3o - IBA","article_modified_time":"2020-09-10T12:49:17+00:00","twitter_card":"summary_large_image","schema":{"@context":"https:\/\/schema.org","@graph":[{"@type":"WebPage","@id":"http:\/\/iba-br.com\/site\/cooperacao-internacional\/","url":"http:\/\/iba-br.com\/site\/cooperacao-internacional\/","name":"Coopera\u00e7\u00e3o internacional - Instituto Brasileiro do Algod\u00e3o - IBA","isPartOf":{"@id":"http:\/\/iba-br.com\/site\/#website"},"datePublished":"2020-08-02T21:34:10+00:00","dateModified":"2020-09-10T12:49:17+00:00","breadcrumb":{"@id":"http:\/\/iba-br.com\/site\/cooperacao-internacional\/#breadcrumb"},"inLanguage":"pt-BR","potentialAction":[{"@type":"ReadAction","target":["http:\/\/iba-br.com\/site\/cooperacao-internacional\/"]}]},{"@type":"BreadcrumbList","@id":"http:\/\/iba-br.com\/site\/cooperacao-internacional\/#breadcrumb","itemListElement":[{"@type":"ListItem","position":1,"name":"In\u00edcio","item":"http:\/\/iba-br.com\/site\/"},{"@type":"ListItem","position":2,"name":"Coopera\u00e7\u00e3o internacional"}]},{"@type":"WebSite","@id":"http:\/\/iba-br.com\/site\/#website","url":"http:\/\/iba-br.com\/site\/","name":"Instituto Brasileiro do Algod\u00e3o - IBA","description":"Juntos, construindo o futuro do algod\u00e3o","potentialAction":[{"@type":"SearchAction","target":{"@type":"EntryPoint","urlTemplate":"http:\/\/iba-br.com\/site\/?s={search_term_string}"},"query-input":"required name=search_term_string"}],"inLanguage":"pt-BR"}]}},"_links":{"self":[{"href":"http:\/\/iba-br.com\/site\/wp-json\/wp\/v2\/pages\/154"}],"collection":[{"href":"http:\/\/iba-br.com\/site\/wp-json\/wp\/v2\/pages"}],"about":[{"href":"http:\/\/iba-br.com\/site\/wp-json\/wp\/v2\/types\/page"}],"author":[{"embeddable":true,"href":"http:\/\/iba-br.com\/site\/wp-json\/wp\/v2\/users\/1"}],"replies":[{"embeddable":true,"href":"http:\/\/iba-br.com\/site\/wp-json\/wp\/v2\/comments?post=154"}],"version-history":[{"count":2,"href":"http:\/\/iba-br.com\/site\/wp-json\/wp\/v2\/pages\/154\/revisions"}],"predecessor-version":[{"id":1813,"href":"http:\/\/iba-br.com\/site\/wp-json\/wp\/v2\/pages\/154\/revisions\/1813"}],"wp:attachment":[{"href":"http:\/\/iba-br.com\/site\/wp-json\/wp\/v2\/media?parent=154"}],"curies":[{"name":"wp","href":"https:\/\/api.w.org\/{rel}","templated":true}]}}